{"id":2,"date":"2025-06-23T18:47:02","date_gmt":"2025-06-23T16:47:02","guid":{"rendered":"https:\/\/www.autofornitureischia.it\/?page_id=2"},"modified":"2025-12-24T13:09:50","modified_gmt":"2025-12-24T12:09:50","slug":"pagina-di-esempio","status":"publish","type":"page","link":"https:\/\/www.autofornitureischia.it\/?page_id=2","title":{"rendered":"CHI SIAMO"},"content":{"rendered":"\n<p>Dal 1970 a Messina c&#8217;\u00e8 una grande realt\u00e0<br>&#8220;Autoforniture Ischia&#8221;<\/p>\n\n\n\n<p>Da oltre trenta anni la nostra azienda soddisfa le esigenze dei clienti nel settore dei ricambi auto per carrozzeria.<\/p>\n\n\n\n<p>Nata negli anni anni &#8217;70 grazie all&#8217;esperienza maturata nel settore dal sig. Giuseppe, la Autoforniture Ischia col passare degli anni \u00e8 diventata una partner ideale per risolvere i problemi concernenti la distribuzione al dettaglio di componentistica sia per i privati che per gli addetti al settore.<\/p>\n\n\n\n<p>Motivo del nostro successo \u00e8 l&#8217;efficentissimo staff che con professionalit\u00e0, seriet\u00e0 e cortesia, uniti alla passione per le automobili, si aggiorna costantemente seguendo l&#8217;evoluzione dei vari modelli di auto.<\/p>\n\n\n\n<p>Da noi potete trovare di tutto, dal lamierato alla fanaleria dalle parti in plastica agli accessori, ai piccoli optional che rendono la vita a bordo dell&#8217;auto pi\u00f9 confortevole.<\/p>\n\n\n\n<p>Alta qualit\u00e0 e prezzi concorrenziali sono il frutto di una politica di ricerca delle fonti primarie costruttrici, affiancando ai prodotti originali quelli alternativi che offrono una buona qualit\u00e0 con un risparmio economico da non sottovalutare.<\/p>\n\n\n\n<p>Se tutto questo non basta metteteci alla prova, contattateci o se preferite venite a trovarci, cercheremo di non deludervi.<\/p>\n\n\n\n<p><\/p>\n","protected":false},"excerpt":{"rendered":"<p>Dal 1970 a Messina c&#8217;\u00e8 una grande realt\u00e0&#8220;Autoforniture Ischia&#8221; Da oltre trenta anni la nostra [&hellip;]<\/p>\n","protected":false},"author":1,"featured_media":0,"parent":0,"menu_order":0,"comment_status":"closed","ping_status":"open","template":"","meta":{"footnotes":""},"class_list":["post-2","page","type-page","status-publish","hentry"],"_links":{"self":[{"href":"https:\/\/www.autofornitureischia.it\/index.php?rest_route=\/wp\/v2\/pages\/2","targetHints":{"allow":["GET"]}}],"collection":[{"href":"https:\/\/www.autofornitureischia.it\/index.php?rest_route=\/wp\/v2\/pages"}],"about":[{"href":"https:\/\/www.autofornitureischia.it\/index.php?rest_route=\/wp\/v2\/types\/page"}],"author":[{"embeddable":true,"href":"https:\/\/www.autofornitureischia.it\/index.php?rest_route=\/wp\/v2\/users\/1"}],"replies":[{"embeddable":true,"href":"https:\/\/www.autofornitureischia.it\/index.php?rest_route=%2Fwp%2Fv2%2Fcomments&post=2"}],"version-history":[{"count":3,"href":"https:\/\/www.autofornitureischia.it\/index.php?rest_route=\/wp\/v2\/pages\/2\/revisions"}],"predecessor-version":[{"id":149,"href":"https:\/\/www.autofornitureischia.it\/index.php?rest_route=\/wp\/v2\/pages\/2\/revisions\/149"}],"wp:attachment":[{"href":"https:\/\/www.autofornitureischia.it\/index.php?rest_route=%2Fwp%2Fv2%2Fmedia&parent=2"}],"curies":[{"name":"wp","href":"https:\/\/api.w.org\/{rel}","templated":true}]}}